{"id":232,"date":"2016-09-15T15:39:29","date_gmt":"2016-09-15T13:39:29","guid":{"rendered":"http:\/\/www.toniomodio.com\/?page_id=232"},"modified":"2020-06-17T12:12:01","modified_gmt":"2020-06-17T10:12:01","slug":"clients","status":"publish","type":"page","link":"https:\/\/www.toniomodio.com\/home\/clients\/","title":{"rendered":"Clients"},"content":{"rendered":"<div align=\"center\">\n<div style=\"display: inline-block; width: 100%; max-width: 260px; margin-right: 15px; vertical-align: top; font-family: 'Open Sans',sans-serif;\">\n<p><span style=\"display: block; padding: 4px; text-align: center; color: #222222; font-size: 14px; border: 1px dashed #222222;\">Acc\u00e8s aux albums priv\u00e9s<\/span><\/p>\n<p style=\"margin-top: 5px; margin-bottom: 10px; font-size: 13px;\">Saisissez ci-dessous vos identifiants pour acc\u00e9der \u00e0 vos albums<\/p>\n<form action=\"http:\/\/www.jingoo.com\/index.php\" method=\"post\" target=\"_top\">\n<div><input id=\"identifiant2\" style=\"width: 90%; background: #D8D8D8; border: 1px solid #ccc; padding: 5px 10px; color: #555; margin-bottom: 5px;\" name=\"login\" type=\"text\" value=\"AB215-\" placeholder=\"Identifiant\" \/><\/div>\n<div><input id=\"pass2\" style=\"width: 90%; background: #D8D8D8; border: 1px solid #ccc; padding: 5px 10px; color: #555; margin-bottom: 5px;\" name=\"password\" type=\"text\" value=\"Mot de passe\" placeholder=\"Mot de passe\" \/><\/div>\n<p><input name=\"action\" type=\"hidden\" value=\"login\" \/><input name=\"idPhotographeAccesModule\" type=\"hidden\" value=\"\/infos\/acces.php\/2522455\" \/><button style=\"display: block; width: 100%; border: 0; padding: 5px; color: #ffffff; background-color: #222222; font-size: 13px; margin-top: 5px; text-decoration: none; text-align: center; border-radius: 2px; cursor: pointer; font-family: 'Open Sans',sans-serif; text-transform: uppercase;\" name=\"Submit3\" type=\"submit\" value=\"OK\">Connexion<\/button><\/p>\n<\/form>\n<\/div>\n<\/div>\n","protected":false},"excerpt":{"rendered":"<p>Acc\u00e8s aux albums priv\u00e9s Saisissez ci-dessous vos identifiants pour acc\u00e9der \u00e0 vos albums Connexion<\/p>\n","protected":false},"author":1,"featured_media":0,"parent":0,"menu_order":0,"comment_status":"closed","ping_status":"closed","template":"","meta":{"_kad_post_transparent":"","_kad_post_title":"","_kad_post_layout":"","_kad_post_sidebar_id":"","_kad_post_content_style":"","_kad_post_vertical_padding":"","_kad_post_feature":"","_kad_post_feature_position":"","_kad_post_header":false,"_kad_post_footer":false,"_kad_post_classname":"","footnotes":""},"class_list":["post-232","page","type-page","status-publish","hentry"],"jetpack-related-posts":[],"jetpack_sharing_enabled":true,"_links":{"self":[{"href":"https:\/\/www.toniomodio.com\/home\/wp-json\/wp\/v2\/pages\/232","targetHints":{"allow":["GET"]}}],"collection":[{"href":"https:\/\/www.toniomodio.com\/home\/wp-json\/wp\/v2\/pages"}],"about":[{"href":"https:\/\/www.toniomodio.com\/home\/wp-json\/wp\/v2\/types\/page"}],"author":[{"embeddable":true,"href":"https:\/\/www.toniomodio.com\/home\/wp-json\/wp\/v2\/users\/1"}],"replies":[{"embeddable":true,"href":"https:\/\/www.toniomodio.com\/home\/wp-json\/wp\/v2\/comments?post=232"}],"version-history":[{"count":45,"href":"https:\/\/www.toniomodio.com\/home\/wp-json\/wp\/v2\/pages\/232\/revisions"}],"predecessor-version":[{"id":9803,"href":"https:\/\/www.toniomodio.com\/home\/wp-json\/wp\/v2\/pages\/232\/revisions\/9803"}],"wp:attachment":[{"href":"https:\/\/www.toniomodio.com\/home\/wp-json\/wp\/v2\/media?parent=232"}],"curies":[{"name":"wp","href":"https:\/\/api.w.org\/{rel}","templated":true}]}}